{"id":195,"date":"2019-07-02T13:19:51","date_gmt":"2019-07-02T11:19:51","guid":{"rendered":"http:\/\/ptf.kunden.kreativ-wolke.de\/pfueller\/?page_id=195"},"modified":"2024-12-17T20:55:53","modified_gmt":"2024-12-17T19:55:53","slug":"zertifikate","status":"publish","type":"page","link":"https:\/\/www.ptf-group.com\/pfueller\/unternehmen\/zertifikate\/","title":{"rendered":"Zertifikate"},"content":{"rendered":"","protected":false},"excerpt":{"rendered":"","protected":false},"author":1,"featured_media":0,"parent":187,"menu_order":16,"comment_status":"closed","ping_status":"closed","template":"","meta":{"_acf_changed":false,"footnotes":""},"class_list":["post-195","page","type-page","status-publish","hentry"],"acf":[],"yoast_head":"<!-- This site is optimized with the Yoast SEO plugin v25.9 - https:\/\/yoast.com\/wordpress\/plugins\/seo\/ -->\n<title>Qualit\u00e4t als oberste Priorit\u00e4t f\u00fcr fehlerfreie Produkte<\/title>\n<meta name=\"description\" content=\"\u2713 Qualit\u00e4tsmanagementsystem nach ISO 9001 ; DIN EN ISO 13485 \u2713 Qualit\u00e4tsziel \u2713 Umweltschutz &amp; -management DIN EN ISO 14001 \u2713 soziale Verantwortung \u2713 Ausbildung Nachwuchskr\u00e4fte \u2713 vorbildlicher Ausbildungsbetrieb IHK\" \/>\n<meta name=\"robots\" content=\"index, follow, max-snippet:-1, max-image-preview:large, max-video-preview:-1\" \/>\n<link rel=\"canonical\" href=\"https:\/\/www.ptf-group.com\/pfueller\/unternehmen\/zertifikate\/\" \/>\n<meta property=\"og:locale\" content=\"de_DE\" \/>\n<meta property=\"og:type\" content=\"article\" \/>\n<meta property=\"og:title\" content=\"Qualit\u00e4t als oberste Priorit\u00e4t f\u00fcr fehlerfreie Produkte\" \/>\n<meta property=\"og:description\" content=\"\u2713 Qualit\u00e4tsmanagementsystem nach ISO 9001 ; DIN EN ISO 13485 \u2713 Qualit\u00e4tsziel \u2713 Umweltschutz &amp; -management DIN EN ISO 14001 \u2713 soziale Verantwortung \u2713 Ausbildung Nachwuchskr\u00e4fte \u2713 vorbildlicher Ausbildungsbetrieb IHK\" \/>\n<meta property=\"og:url\" content=\"https:\/\/www.ptf-group.com\/pfueller\/unternehmen\/zertifikate\/\" \/>\n<meta property=\"og:site_name\" content=\"PTF Pf\u00fcller\" \/>\n<meta property=\"article:modified_time\" content=\"2024-12-17T19:55:53+00:00\" \/>\n<meta name=\"twitter:card\" content=\"summary_large_image\" \/>\n<script type=\"application\/ld+json\" class=\"yoast-schema-graph\">{\"@context\":\"https:\/\/schema.org\",\"@graph\":[{\"@type\":\"WebPage\",\"@id\":\"https:\/\/www.ptf-group.com\/pfueller\/unternehmen\/zertifikate\/\",\"url\":\"https:\/\/www.ptf-group.com\/pfueller\/unternehmen\/zertifikate\/\",\"name\":\"Qualit\u00e4t als oberste Priorit\u00e4t f\u00fcr fehlerfreie Produkte\",\"isPartOf\":{\"@id\":\"https:\/\/www.ptf-group.com\/pfueller\/#website\"},\"datePublished\":\"2019-07-02T11:19:51+00:00\",\"dateModified\":\"2024-12-17T19:55:53+00:00\",\"description\":\"\u2713 Qualit\u00e4tsmanagementsystem nach ISO 9001 ; DIN EN ISO 13485 \u2713 Qualit\u00e4tsziel \u2713 Umweltschutz & -management DIN EN ISO 14001 \u2713 soziale Verantwortung \u2713 Ausbildung Nachwuchskr\u00e4fte \u2713 vorbildlicher Ausbildungsbetrieb IHK\",\"breadcrumb\":{\"@id\":\"https:\/\/www.ptf-group.com\/pfueller\/unternehmen\/zertifikate\/#breadcrumb\"},\"inLanguage\":\"de\",\"potentialAction\":[{\"@type\":\"ReadAction\",\"target\":[\"https:\/\/www.ptf-group.com\/pfueller\/unternehmen\/zertifikate\/\"]}]},{\"@type\":\"BreadcrumbList\",\"@id\":\"https:\/\/www.ptf-group.com\/pfueller\/unternehmen\/zertifikate\/#breadcrumb\",\"itemListElement\":[{\"@type\":\"ListItem\",\"position\":1,\"name\":\"Startseite\",\"item\":\"https:\/\/www.ptf-group.com\/pfueller\/\"},{\"@type\":\"ListItem\",\"position\":2,\"name\":\"Unternehmen\",\"item\":\"https:\/\/www.ptf-group.com\/pfueller\/unternehmen\/\"},{\"@type\":\"ListItem\",\"position\":3,\"name\":\"Zertifikate\"}]},{\"@type\":\"WebSite\",\"@id\":\"https:\/\/www.ptf-group.com\/pfueller\/#website\",\"url\":\"https:\/\/www.ptf-group.com\/pfueller\/\",\"name\":\"PTF Pf\u00fcller\",\"description\":\"Eine weitere PTF GROUP Websites Website\",\"potentialAction\":[{\"@type\":\"SearchAction\",\"target\":{\"@type\":\"EntryPoint\",\"urlTemplate\":\"https:\/\/www.ptf-group.com\/pfueller\/?s={search_term_string}\"},\"query-input\":{\"@type\":\"PropertyValueSpecification\",\"valueRequired\":true,\"valueName\":\"search_term_string\"}}],\"inLanguage\":\"de\"}]}<\/script>\n<!-- \/ Yoast SEO plugin. -->","yoast_head_json":{"title":"Qualit\u00e4t als oberste Priorit\u00e4t f\u00fcr fehlerfreie Produkte","description":"\u2713 Qualit\u00e4tsmanagementsystem nach ISO 9001 ; DIN EN ISO 13485 \u2713 Qualit\u00e4tsziel \u2713 Umweltschutz & -management DIN EN ISO 14001 \u2713 soziale Verantwortung \u2713 Ausbildung Nachwuchskr\u00e4fte \u2713 vorbildlicher Ausbildungsbetrieb IHK","robots":{"index":"index","follow":"follow","max-snippet":"max-snippet:-1","max-image-preview":"max-image-preview:large","max-video-preview":"max-video-preview:-1"},"canonical":"https:\/\/www.ptf-group.com\/pfueller\/unternehmen\/zertifikate\/","og_locale":"de_DE","og_type":"article","og_title":"Qualit\u00e4t als oberste Priorit\u00e4t f\u00fcr fehlerfreie Produkte","og_description":"\u2713 Qualit\u00e4tsmanagementsystem nach ISO 9001 ; DIN EN ISO 13485 \u2713 Qualit\u00e4tsziel \u2713 Umweltschutz & -management DIN EN ISO 14001 \u2713 soziale Verantwortung \u2713 Ausbildung Nachwuchskr\u00e4fte \u2713 vorbildlicher Ausbildungsbetrieb IHK","og_url":"https:\/\/www.ptf-group.com\/pfueller\/unternehmen\/zertifikate\/","og_site_name":"PTF Pf\u00fcller","article_modified_time":"2024-12-17T19:55:53+00:00","twitter_card":"summary_large_image","schema":{"@context":"https:\/\/schema.org","@graph":[{"@type":"WebPage","@id":"https:\/\/www.ptf-group.com\/pfueller\/unternehmen\/zertifikate\/","url":"https:\/\/www.ptf-group.com\/pfueller\/unternehmen\/zertifikate\/","name":"Qualit\u00e4t als oberste Priorit\u00e4t f\u00fcr fehlerfreie Produkte","isPartOf":{"@id":"https:\/\/www.ptf-group.com\/pfueller\/#website"},"datePublished":"2019-07-02T11:19:51+00:00","dateModified":"2024-12-17T19:55:53+00:00","description":"\u2713 Qualit\u00e4tsmanagementsystem nach ISO 9001 ; DIN EN ISO 13485 \u2713 Qualit\u00e4tsziel \u2713 Umweltschutz & -management DIN EN ISO 14001 \u2713 soziale Verantwortung \u2713 Ausbildung Nachwuchskr\u00e4fte \u2713 vorbildlicher Ausbildungsbetrieb IHK","breadcrumb":{"@id":"https:\/\/www.ptf-group.com\/pfueller\/unternehmen\/zertifikate\/#breadcrumb"},"inLanguage":"de","potentialAction":[{"@type":"ReadAction","target":["https:\/\/www.ptf-group.com\/pfueller\/unternehmen\/zertifikate\/"]}]},{"@type":"BreadcrumbList","@id":"https:\/\/www.ptf-group.com\/pfueller\/unternehmen\/zertifikate\/#breadcrumb","itemListElement":[{"@type":"ListItem","position":1,"name":"Startseite","item":"https:\/\/www.ptf-group.com\/pfueller\/"},{"@type":"ListItem","position":2,"name":"Unternehmen","item":"https:\/\/www.ptf-group.com\/pfueller\/unternehmen\/"},{"@type":"ListItem","position":3,"name":"Zertifikate"}]},{"@type":"WebSite","@id":"https:\/\/www.ptf-group.com\/pfueller\/#website","url":"https:\/\/www.ptf-group.com\/pfueller\/","name":"PTF Pf\u00fcller","description":"Eine weitere PTF GROUP Websites Website","potentialAction":[{"@type":"SearchAction","target":{"@type":"EntryPoint","urlTemplate":"https:\/\/www.ptf-group.com\/pfueller\/?s={search_term_string}"},"query-input":{"@type":"PropertyValueSpecification","valueRequired":true,"valueName":"search_term_string"}}],"inLanguage":"de"}]}},"lang":"de","translations":{"de":195,"en":1277},"pll_sync_post":[],"_links":{"self":[{"href":"https:\/\/www.ptf-group.com\/pfueller\/wp-json\/wp\/v2\/pages\/195","targetHints":{"allow":["GET"]}}],"collection":[{"href":"https:\/\/www.ptf-group.com\/pfueller\/wp-json\/wp\/v2\/pages"}],"about":[{"href":"https:\/\/www.ptf-group.com\/pfueller\/wp-json\/wp\/v2\/types\/page"}],"author":[{"embeddable":true,"href":"https:\/\/www.ptf-group.com\/pfueller\/wp-json\/wp\/v2\/users\/1"}],"replies":[{"embeddable":true,"href":"https:\/\/www.ptf-group.com\/pfueller\/wp-json\/wp\/v2\/comments?post=195"}],"version-history":[{"count":24,"href":"https:\/\/www.ptf-group.com\/pfueller\/wp-json\/wp\/v2\/pages\/195\/revisions"}],"predecessor-version":[{"id":2153,"href":"https:\/\/www.ptf-group.com\/pfueller\/wp-json\/wp\/v2\/pages\/195\/revisions\/2153"}],"up":[{"embeddable":true,"href":"https:\/\/www.ptf-group.com\/pfueller\/wp-json\/wp\/v2\/pages\/187"}],"wp:attachment":[{"href":"https:\/\/www.ptf-group.com\/pfueller\/wp-json\/wp\/v2\/media?parent=195"}],"curies":[{"name":"wp","href":"https:\/\/api.w.org\/{rel}","templated":true}]}}