{"id":189,"date":"2019-07-02T13:18:25","date_gmt":"2019-07-02T11:18:25","guid":{"rendered":"http:\/\/ptf.kunden.kreativ-wolke.de\/pfueller\/?page_id=189"},"modified":"2024-02-12T15:44:06","modified_gmt":"2024-02-12T14:44:06","slug":"mission-vision","status":"publish","type":"page","link":"https:\/\/www.ptf-group.com\/pfueller\/unternehmen\/mission-vision\/","title":{"rendered":"Mission \/ Vision"},"content":{"rendered":"","protected":false},"excerpt":{"rendered":"","protected":false},"author":1,"featured_media":0,"parent":187,"menu_order":11,"comment_status":"closed","ping_status":"closed","template":"","meta":{"_acf_changed":false,"footnotes":""},"class_list":["post-189","page","type-page","status-publish","hentry"],"acf":[],"yoast_head":"<!-- This site is optimized with the Yoast SEO plugin v25.9 - https:\/\/yoast.com\/wordpress\/plugins\/seo\/ -->\n<title>Globaler Partner f\u00fcr Pr\u00e4zision mit kompromissloser Qualit\u00e4t<\/title>\n<meta name=\"description\" content=\"Mission PTF Pf\u00fcller: \u2713 Professionalit\u00e4t \u2713 Kundenzufriedenheit \u2713 Pr\u00e4zision \u2713 erstklassiger Support \u2713 anspruchsvolle Hightech-Projekte auf allerh\u00f6chstem Niveau\" \/>\n<meta name=\"robots\" content=\"index, follow, max-snippet:-1, max-image-preview:large, max-video-preview:-1\" \/>\n<link rel=\"canonical\" href=\"https:\/\/www.ptf-group.com\/pfueller\/unternehmen\/mission-vision\/\" \/>\n<meta property=\"og:locale\" content=\"de_DE\" \/>\n<meta property=\"og:type\" content=\"article\" \/>\n<meta property=\"og:title\" content=\"Globaler Partner f\u00fcr Pr\u00e4zision mit kompromissloser Qualit\u00e4t\" \/>\n<meta property=\"og:description\" content=\"Mission PTF Pf\u00fcller: \u2713 Professionalit\u00e4t \u2713 Kundenzufriedenheit \u2713 Pr\u00e4zision \u2713 erstklassiger Support \u2713 anspruchsvolle Hightech-Projekte auf allerh\u00f6chstem Niveau\" \/>\n<meta property=\"og:url\" content=\"https:\/\/www.ptf-group.com\/pfueller\/unternehmen\/mission-vision\/\" \/>\n<meta property=\"og:site_name\" content=\"PTF Pf\u00fcller\" \/>\n<meta property=\"article:modified_time\" content=\"2024-02-12T14:44:06+00:00\" \/>\n<meta name=\"twitter:card\" content=\"summary_large_image\" \/>\n<script type=\"application\/ld+json\" class=\"yoast-schema-graph\">{\"@context\":\"https:\/\/schema.org\",\"@graph\":[{\"@type\":\"WebPage\",\"@id\":\"https:\/\/www.ptf-group.com\/pfueller\/unternehmen\/mission-vision\/\",\"url\":\"https:\/\/www.ptf-group.com\/pfueller\/unternehmen\/mission-vision\/\",\"name\":\"Globaler Partner f\u00fcr Pr\u00e4zision mit kompromissloser Qualit\u00e4t\",\"isPartOf\":{\"@id\":\"https:\/\/www.ptf-group.com\/pfueller\/#website\"},\"datePublished\":\"2019-07-02T11:18:25+00:00\",\"dateModified\":\"2024-02-12T14:44:06+00:00\",\"description\":\"Mission PTF Pf\u00fcller: \u2713 Professionalit\u00e4t \u2713 Kundenzufriedenheit \u2713 Pr\u00e4zision \u2713 erstklassiger Support \u2713 anspruchsvolle Hightech-Projekte auf allerh\u00f6chstem Niveau\",\"breadcrumb\":{\"@id\":\"https:\/\/www.ptf-group.com\/pfueller\/unternehmen\/mission-vision\/#breadcrumb\"},\"inLanguage\":\"de\",\"potentialAction\":[{\"@type\":\"ReadAction\",\"target\":[\"https:\/\/www.ptf-group.com\/pfueller\/unternehmen\/mission-vision\/\"]}]},{\"@type\":\"BreadcrumbList\",\"@id\":\"https:\/\/www.ptf-group.com\/pfueller\/unternehmen\/mission-vision\/#breadcrumb\",\"itemListElement\":[{\"@type\":\"ListItem\",\"position\":1,\"name\":\"Startseite\",\"item\":\"https:\/\/www.ptf-group.com\/pfueller\/\"},{\"@type\":\"ListItem\",\"position\":2,\"name\":\"Unternehmen\",\"item\":\"https:\/\/www.ptf-group.com\/pfueller\/unternehmen\/\"},{\"@type\":\"ListItem\",\"position\":3,\"name\":\"Mission \/ Vision\"}]},{\"@type\":\"WebSite\",\"@id\":\"https:\/\/www.ptf-group.com\/pfueller\/#website\",\"url\":\"https:\/\/www.ptf-group.com\/pfueller\/\",\"name\":\"PTF Pf\u00fcller\",\"description\":\"Eine weitere PTF GROUP Websites Website\",\"potentialAction\":[{\"@type\":\"SearchAction\",\"target\":{\"@type\":\"EntryPoint\",\"urlTemplate\":\"https:\/\/www.ptf-group.com\/pfueller\/?s={search_term_string}\"},\"query-input\":{\"@type\":\"PropertyValueSpecification\",\"valueRequired\":true,\"valueName\":\"search_term_string\"}}],\"inLanguage\":\"de\"}]}<\/script>\n<!-- \/ Yoast SEO plugin. -->","yoast_head_json":{"title":"Globaler Partner f\u00fcr Pr\u00e4zision mit kompromissloser Qualit\u00e4t","description":"Mission PTF Pf\u00fcller: \u2713 Professionalit\u00e4t \u2713 Kundenzufriedenheit \u2713 Pr\u00e4zision \u2713 erstklassiger Support \u2713 anspruchsvolle Hightech-Projekte auf allerh\u00f6chstem Niveau","robots":{"index":"index","follow":"follow","max-snippet":"max-snippet:-1","max-image-preview":"max-image-preview:large","max-video-preview":"max-video-preview:-1"},"canonical":"https:\/\/www.ptf-group.com\/pfueller\/unternehmen\/mission-vision\/","og_locale":"de_DE","og_type":"article","og_title":"Globaler Partner f\u00fcr Pr\u00e4zision mit kompromissloser Qualit\u00e4t","og_description":"Mission PTF Pf\u00fcller: \u2713 Professionalit\u00e4t \u2713 Kundenzufriedenheit \u2713 Pr\u00e4zision \u2713 erstklassiger Support \u2713 anspruchsvolle Hightech-Projekte auf allerh\u00f6chstem Niveau","og_url":"https:\/\/www.ptf-group.com\/pfueller\/unternehmen\/mission-vision\/","og_site_name":"PTF Pf\u00fcller","article_modified_time":"2024-02-12T14:44:06+00:00","twitter_card":"summary_large_image","schema":{"@context":"https:\/\/schema.org","@graph":[{"@type":"WebPage","@id":"https:\/\/www.ptf-group.com\/pfueller\/unternehmen\/mission-vision\/","url":"https:\/\/www.ptf-group.com\/pfueller\/unternehmen\/mission-vision\/","name":"Globaler Partner f\u00fcr Pr\u00e4zision mit kompromissloser Qualit\u00e4t","isPartOf":{"@id":"https:\/\/www.ptf-group.com\/pfueller\/#website"},"datePublished":"2019-07-02T11:18:25+00:00","dateModified":"2024-02-12T14:44:06+00:00","description":"Mission PTF Pf\u00fcller: \u2713 Professionalit\u00e4t \u2713 Kundenzufriedenheit \u2713 Pr\u00e4zision \u2713 erstklassiger Support \u2713 anspruchsvolle Hightech-Projekte auf allerh\u00f6chstem Niveau","breadcrumb":{"@id":"https:\/\/www.ptf-group.com\/pfueller\/unternehmen\/mission-vision\/#breadcrumb"},"inLanguage":"de","potentialAction":[{"@type":"ReadAction","target":["https:\/\/www.ptf-group.com\/pfueller\/unternehmen\/mission-vision\/"]}]},{"@type":"BreadcrumbList","@id":"https:\/\/www.ptf-group.com\/pfueller\/unternehmen\/mission-vision\/#breadcrumb","itemListElement":[{"@type":"ListItem","position":1,"name":"Startseite","item":"https:\/\/www.ptf-group.com\/pfueller\/"},{"@type":"ListItem","position":2,"name":"Unternehmen","item":"https:\/\/www.ptf-group.com\/pfueller\/unternehmen\/"},{"@type":"ListItem","position":3,"name":"Mission \/ Vision"}]},{"@type":"WebSite","@id":"https:\/\/www.ptf-group.com\/pfueller\/#website","url":"https:\/\/www.ptf-group.com\/pfueller\/","name":"PTF Pf\u00fcller","description":"Eine weitere PTF GROUP Websites Website","potentialAction":[{"@type":"SearchAction","target":{"@type":"EntryPoint","urlTemplate":"https:\/\/www.ptf-group.com\/pfueller\/?s={search_term_string}"},"query-input":{"@type":"PropertyValueSpecification","valueRequired":true,"valueName":"search_term_string"}}],"inLanguage":"de"}]}},"lang":"de","translations":{"de":189,"en":1243},"pll_sync_post":[],"_links":{"self":[{"href":"https:\/\/www.ptf-group.com\/pfueller\/wp-json\/wp\/v2\/pages\/189","targetHints":{"allow":["GET"]}}],"collection":[{"href":"https:\/\/www.ptf-group.com\/pfueller\/wp-json\/wp\/v2\/pages"}],"about":[{"href":"https:\/\/www.ptf-group.com\/pfueller\/wp-json\/wp\/v2\/types\/page"}],"author":[{"embeddable":true,"href":"https:\/\/www.ptf-group.com\/pfueller\/wp-json\/wp\/v2\/users\/1"}],"replies":[{"embeddable":true,"href":"https:\/\/www.ptf-group.com\/pfueller\/wp-json\/wp\/v2\/comments?post=189"}],"version-history":[{"count":18,"href":"https:\/\/www.ptf-group.com\/pfueller\/wp-json\/wp\/v2\/pages\/189\/revisions"}],"predecessor-version":[{"id":2066,"href":"https:\/\/www.ptf-group.com\/pfueller\/wp-json\/wp\/v2\/pages\/189\/revisions\/2066"}],"up":[{"embeddable":true,"href":"https:\/\/www.ptf-group.com\/pfueller\/wp-json\/wp\/v2\/pages\/187"}],"wp:attachment":[{"href":"https:\/\/www.ptf-group.com\/pfueller\/wp-json\/wp\/v2\/media?parent=189"}],"curies":[{"name":"wp","href":"https:\/\/api.w.org\/{rel}","templated":true}]}}