{"id":210,"date":"2019-07-02T13:22:35","date_gmt":"2019-07-02T11:22:35","guid":{"rendered":"http:\/\/ptf.kunden.kreativ-wolke.de\/hitega\/?page_id=210"},"modified":"2020-05-27T10:17:36","modified_gmt":"2020-05-27T08:17:36","slug":"produkte","status":"publish","type":"page","link":"https:\/\/www.ptf-group.com\/hitega\/produkte\/","title":{"rendered":"Produkte"},"content":{"rendered":"","protected":false},"excerpt":{"rendered":"","protected":false},"author":1,"featured_media":0,"parent":0,"menu_order":29,"comment_status":"closed","ping_status":"closed","template":"","meta":{"_acf_changed":false,"footnotes":""},"class_list":["post-210","page","type-page","status-publish","hentry"],"acf":[],"yoast_head":"<!-- This site is optimized with the Yoast SEO plugin v25.9 - https:\/\/yoast.com\/wordpress\/plugins\/seo\/ -->\n<title>\u00dcbersicht aus Beispielen unserer vielf\u00e4ltigen Produktpalette<\/title>\n<meta name=\"description\" content=\"Verschiedene Fertigungstechnologien zur Produktion von hochwertigen Pr\u00e4zisionsbauteilen und -gruppen. Realisierung von individuellen Produktanfragen und \u2013ideen.\" \/>\n<meta name=\"robots\" content=\"index, follow, max-snippet:-1, max-image-preview:large, max-video-preview:-1\" \/>\n<link rel=\"canonical\" href=\"https:\/\/www.ptf-group.com\/hitega\/produkte\/\" \/>\n<meta property=\"og:locale\" content=\"de_DE\" \/>\n<meta property=\"og:type\" content=\"article\" \/>\n<meta property=\"og:title\" content=\"\u00dcbersicht aus Beispielen unserer vielf\u00e4ltigen Produktpalette\" \/>\n<meta property=\"og:description\" content=\"Verschiedene Fertigungstechnologien zur Produktion von hochwertigen Pr\u00e4zisionsbauteilen und -gruppen. Realisierung von individuellen Produktanfragen und \u2013ideen.\" \/>\n<meta property=\"og:url\" content=\"https:\/\/www.ptf-group.com\/hitega\/produkte\/\" \/>\n<meta property=\"og:site_name\" content=\"PTF Hitega\" \/>\n<meta property=\"article:modified_time\" content=\"2020-05-27T08:17:36+00:00\" \/>\n<meta name=\"twitter:card\" content=\"summary_large_image\" \/>\n<script type=\"application\/ld+json\" class=\"yoast-schema-graph\">{\"@context\":\"https:\/\/schema.org\",\"@graph\":[{\"@type\":\"WebPage\",\"@id\":\"https:\/\/www.ptf-group.com\/hitega\/produkte\/\",\"url\":\"https:\/\/www.ptf-group.com\/hitega\/produkte\/\",\"name\":\"\u00dcbersicht aus Beispielen unserer vielf\u00e4ltigen Produktpalette\",\"isPartOf\":{\"@id\":\"https:\/\/www.ptf-group.com\/hitega\/#website\"},\"datePublished\":\"2019-07-02T11:22:35+00:00\",\"dateModified\":\"2020-05-27T08:17:36+00:00\",\"description\":\"Verschiedene Fertigungstechnologien zur Produktion von hochwertigen Pr\u00e4zisionsbauteilen und -gruppen. Realisierung von individuellen Produktanfragen und \u2013ideen.\",\"breadcrumb\":{\"@id\":\"https:\/\/www.ptf-group.com\/hitega\/produkte\/#breadcrumb\"},\"inLanguage\":\"de\",\"potentialAction\":[{\"@type\":\"ReadAction\",\"target\":[\"https:\/\/www.ptf-group.com\/hitega\/produkte\/\"]}]},{\"@type\":\"BreadcrumbList\",\"@id\":\"https:\/\/www.ptf-group.com\/hitega\/produkte\/#breadcrumb\",\"itemListElement\":[{\"@type\":\"ListItem\",\"position\":1,\"name\":\"Startseite\",\"item\":\"https:\/\/www.ptf-group.com\/hitega\/\"},{\"@type\":\"ListItem\",\"position\":2,\"name\":\"Produkte\"}]},{\"@type\":\"WebSite\",\"@id\":\"https:\/\/www.ptf-group.com\/hitega\/#website\",\"url\":\"https:\/\/www.ptf-group.com\/hitega\/\",\"name\":\"PTF Hitega\",\"description\":\"Eine weitere PTF GROUP Websites Website\",\"potentialAction\":[{\"@type\":\"SearchAction\",\"target\":{\"@type\":\"EntryPoint\",\"urlTemplate\":\"https:\/\/www.ptf-group.com\/hitega\/?s={search_term_string}\"},\"query-input\":{\"@type\":\"PropertyValueSpecification\",\"valueRequired\":true,\"valueName\":\"search_term_string\"}}],\"inLanguage\":\"de\"}]}<\/script>\n<!-- \/ Yoast SEO plugin. -->","yoast_head_json":{"title":"\u00dcbersicht aus Beispielen unserer vielf\u00e4ltigen Produktpalette","description":"Verschiedene Fertigungstechnologien zur Produktion von hochwertigen Pr\u00e4zisionsbauteilen und -gruppen. Realisierung von individuellen Produktanfragen und \u2013ideen.","robots":{"index":"index","follow":"follow","max-snippet":"max-snippet:-1","max-image-preview":"max-image-preview:large","max-video-preview":"max-video-preview:-1"},"canonical":"https:\/\/www.ptf-group.com\/hitega\/produkte\/","og_locale":"de_DE","og_type":"article","og_title":"\u00dcbersicht aus Beispielen unserer vielf\u00e4ltigen Produktpalette","og_description":"Verschiedene Fertigungstechnologien zur Produktion von hochwertigen Pr\u00e4zisionsbauteilen und -gruppen. Realisierung von individuellen Produktanfragen und \u2013ideen.","og_url":"https:\/\/www.ptf-group.com\/hitega\/produkte\/","og_site_name":"PTF Hitega","article_modified_time":"2020-05-27T08:17:36+00:00","twitter_card":"summary_large_image","schema":{"@context":"https:\/\/schema.org","@graph":[{"@type":"WebPage","@id":"https:\/\/www.ptf-group.com\/hitega\/produkte\/","url":"https:\/\/www.ptf-group.com\/hitega\/produkte\/","name":"\u00dcbersicht aus Beispielen unserer vielf\u00e4ltigen Produktpalette","isPartOf":{"@id":"https:\/\/www.ptf-group.com\/hitega\/#website"},"datePublished":"2019-07-02T11:22:35+00:00","dateModified":"2020-05-27T08:17:36+00:00","description":"Verschiedene Fertigungstechnologien zur Produktion von hochwertigen Pr\u00e4zisionsbauteilen und -gruppen. Realisierung von individuellen Produktanfragen und \u2013ideen.","breadcrumb":{"@id":"https:\/\/www.ptf-group.com\/hitega\/produkte\/#breadcrumb"},"inLanguage":"de","potentialAction":[{"@type":"ReadAction","target":["https:\/\/www.ptf-group.com\/hitega\/produkte\/"]}]},{"@type":"BreadcrumbList","@id":"https:\/\/www.ptf-group.com\/hitega\/produkte\/#breadcrumb","itemListElement":[{"@type":"ListItem","position":1,"name":"Startseite","item":"https:\/\/www.ptf-group.com\/hitega\/"},{"@type":"ListItem","position":2,"name":"Produkte"}]},{"@type":"WebSite","@id":"https:\/\/www.ptf-group.com\/hitega\/#website","url":"https:\/\/www.ptf-group.com\/hitega\/","name":"PTF Hitega","description":"Eine weitere PTF GROUP Websites Website","potentialAction":[{"@type":"SearchAction","target":{"@type":"EntryPoint","urlTemplate":"https:\/\/www.ptf-group.com\/hitega\/?s={search_term_string}"},"query-input":{"@type":"PropertyValueSpecification","valueRequired":true,"valueName":"search_term_string"}}],"inLanguage":"de"}]}},"lang":"de","translations":{"de":210,"en":1656},"pll_sync_post":[],"_links":{"self":[{"href":"https:\/\/www.ptf-group.com\/hitega\/wp-json\/wp\/v2\/pages\/210","targetHints":{"allow":["GET"]}}],"collection":[{"href":"https:\/\/www.ptf-group.com\/hitega\/wp-json\/wp\/v2\/pages"}],"about":[{"href":"https:\/\/www.ptf-group.com\/hitega\/wp-json\/wp\/v2\/types\/page"}],"author":[{"embeddable":true,"href":"https:\/\/www.ptf-group.com\/hitega\/wp-json\/wp\/v2\/users\/1"}],"replies":[{"embeddable":true,"href":"https:\/\/www.ptf-group.com\/hitega\/wp-json\/wp\/v2\/comments?post=210"}],"version-history":[{"count":16,"href":"https:\/\/www.ptf-group.com\/hitega\/wp-json\/wp\/v2\/pages\/210\/revisions"}],"predecessor-version":[{"id":1475,"href":"https:\/\/www.ptf-group.com\/hitega\/wp-json\/wp\/v2\/pages\/210\/revisions\/1475"}],"wp:attachment":[{"href":"https:\/\/www.ptf-group.com\/hitega\/wp-json\/wp\/v2\/media?parent=210"}],"curies":[{"name":"wp","href":"https:\/\/api.w.org\/{rel}","templated":true}]}}