{"id":207,"date":"2019-07-02T13:22:22","date_gmt":"2019-07-02T11:22:22","guid":{"rendered":"http:\/\/ptf.kunden.kreativ-wolke.de\/hitega\/?page_id=207"},"modified":"2024-01-17T07:50:20","modified_gmt":"2024-01-17T06:50:20","slug":"qualitaet","status":"publish","type":"page","link":"https:\/\/www.ptf-group.com\/hitega\/qualitaet\/","title":{"rendered":"Qualit\u00e4t"},"content":{"rendered":"","protected":false},"excerpt":{"rendered":"","protected":false},"author":1,"featured_media":0,"parent":0,"menu_order":28,"comment_status":"closed","ping_status":"closed","template":"","meta":{"_acf_changed":false,"footnotes":""},"class_list":["post-207","page","type-page","status-publish","hentry"],"acf":[],"yoast_head":"<!-- This site is optimized with the Yoast SEO plugin v25.9 - https:\/\/yoast.com\/wordpress\/plugins\/seo\/ -->\n<title>Qualit\u00e4t ist kein Zufall. Pr\u00e4zision hat oberste Priorit\u00e4t.<\/title>\n<meta name=\"description\" content=\"Unser Qualit\u00e4tsanspruch: \u2713 Maximum an Pr\u00e4zision &amp; Kompetenz \u2713 modernste Messtechnik \u2713 neuste Technologien &amp; hochpr\u00e4zise Ger\u00e4te \u2713 perfekte Qualit\u00e4tsvorausplanung\" \/>\n<meta name=\"robots\" content=\"index, follow, max-snippet:-1, max-image-preview:large, max-video-preview:-1\" \/>\n<link rel=\"canonical\" href=\"https:\/\/www.ptf-group.com\/hitega\/qualitaet\/\" \/>\n<meta property=\"og:locale\" content=\"de_DE\" \/>\n<meta property=\"og:type\" content=\"article\" \/>\n<meta property=\"og:title\" content=\"Qualit\u00e4t ist kein Zufall. Pr\u00e4zision hat oberste Priorit\u00e4t.\" \/>\n<meta property=\"og:description\" content=\"Unser Qualit\u00e4tsanspruch: \u2713 Maximum an Pr\u00e4zision &amp; Kompetenz \u2713 modernste Messtechnik \u2713 neuste Technologien &amp; hochpr\u00e4zise Ger\u00e4te \u2713 perfekte Qualit\u00e4tsvorausplanung\" \/>\n<meta property=\"og:url\" content=\"https:\/\/www.ptf-group.com\/hitega\/qualitaet\/\" \/>\n<meta property=\"og:site_name\" content=\"PTF Hitega\" \/>\n<meta property=\"article:modified_time\" content=\"2024-01-17T06:50:20+00:00\" \/>\n<meta name=\"twitter:card\" content=\"summary_large_image\" \/>\n<script type=\"application\/ld+json\" class=\"yoast-schema-graph\">{\"@context\":\"https:\/\/schema.org\",\"@graph\":[{\"@type\":\"WebPage\",\"@id\":\"https:\/\/www.ptf-group.com\/hitega\/qualitaet\/\",\"url\":\"https:\/\/www.ptf-group.com\/hitega\/qualitaet\/\",\"name\":\"Qualit\u00e4t ist kein Zufall. Pr\u00e4zision hat oberste Priorit\u00e4t.\",\"isPartOf\":{\"@id\":\"https:\/\/www.ptf-group.com\/hitega\/#website\"},\"datePublished\":\"2019-07-02T11:22:22+00:00\",\"dateModified\":\"2024-01-17T06:50:20+00:00\",\"description\":\"Unser Qualit\u00e4tsanspruch: \u2713 Maximum an Pr\u00e4zision & Kompetenz \u2713 modernste Messtechnik \u2713 neuste Technologien & hochpr\u00e4zise Ger\u00e4te \u2713 perfekte Qualit\u00e4tsvorausplanung\",\"breadcrumb\":{\"@id\":\"https:\/\/www.ptf-group.com\/hitega\/qualitaet\/#breadcrumb\"},\"inLanguage\":\"de\",\"potentialAction\":[{\"@type\":\"ReadAction\",\"target\":[\"https:\/\/www.ptf-group.com\/hitega\/qualitaet\/\"]}]},{\"@type\":\"BreadcrumbList\",\"@id\":\"https:\/\/www.ptf-group.com\/hitega\/qualitaet\/#breadcrumb\",\"itemListElement\":[{\"@type\":\"ListItem\",\"position\":1,\"name\":\"Startseite\",\"item\":\"https:\/\/www.ptf-group.com\/hitega\/\"},{\"@type\":\"ListItem\",\"position\":2,\"name\":\"Qualit\u00e4t\"}]},{\"@type\":\"WebSite\",\"@id\":\"https:\/\/www.ptf-group.com\/hitega\/#website\",\"url\":\"https:\/\/www.ptf-group.com\/hitega\/\",\"name\":\"PTF Hitega\",\"description\":\"Eine weitere PTF GROUP Websites Website\",\"potentialAction\":[{\"@type\":\"SearchAction\",\"target\":{\"@type\":\"EntryPoint\",\"urlTemplate\":\"https:\/\/www.ptf-group.com\/hitega\/?s={search_term_string}\"},\"query-input\":{\"@type\":\"PropertyValueSpecification\",\"valueRequired\":true,\"valueName\":\"search_term_string\"}}],\"inLanguage\":\"de\"}]}<\/script>\n<!-- \/ Yoast SEO plugin. -->","yoast_head_json":{"title":"Qualit\u00e4t ist kein Zufall. Pr\u00e4zision hat oberste Priorit\u00e4t.","description":"Unser Qualit\u00e4tsanspruch: \u2713 Maximum an Pr\u00e4zision & Kompetenz \u2713 modernste Messtechnik \u2713 neuste Technologien & hochpr\u00e4zise Ger\u00e4te \u2713 perfekte Qualit\u00e4tsvorausplanung","robots":{"index":"index","follow":"follow","max-snippet":"max-snippet:-1","max-image-preview":"max-image-preview:large","max-video-preview":"max-video-preview:-1"},"canonical":"https:\/\/www.ptf-group.com\/hitega\/qualitaet\/","og_locale":"de_DE","og_type":"article","og_title":"Qualit\u00e4t ist kein Zufall. Pr\u00e4zision hat oberste Priorit\u00e4t.","og_description":"Unser Qualit\u00e4tsanspruch: \u2713 Maximum an Pr\u00e4zision & Kompetenz \u2713 modernste Messtechnik \u2713 neuste Technologien & hochpr\u00e4zise Ger\u00e4te \u2713 perfekte Qualit\u00e4tsvorausplanung","og_url":"https:\/\/www.ptf-group.com\/hitega\/qualitaet\/","og_site_name":"PTF Hitega","article_modified_time":"2024-01-17T06:50:20+00:00","twitter_card":"summary_large_image","schema":{"@context":"https:\/\/schema.org","@graph":[{"@type":"WebPage","@id":"https:\/\/www.ptf-group.com\/hitega\/qualitaet\/","url":"https:\/\/www.ptf-group.com\/hitega\/qualitaet\/","name":"Qualit\u00e4t ist kein Zufall. Pr\u00e4zision hat oberste Priorit\u00e4t.","isPartOf":{"@id":"https:\/\/www.ptf-group.com\/hitega\/#website"},"datePublished":"2019-07-02T11:22:22+00:00","dateModified":"2024-01-17T06:50:20+00:00","description":"Unser Qualit\u00e4tsanspruch: \u2713 Maximum an Pr\u00e4zision & Kompetenz \u2713 modernste Messtechnik \u2713 neuste Technologien & hochpr\u00e4zise Ger\u00e4te \u2713 perfekte Qualit\u00e4tsvorausplanung","breadcrumb":{"@id":"https:\/\/www.ptf-group.com\/hitega\/qualitaet\/#breadcrumb"},"inLanguage":"de","potentialAction":[{"@type":"ReadAction","target":["https:\/\/www.ptf-group.com\/hitega\/qualitaet\/"]}]},{"@type":"BreadcrumbList","@id":"https:\/\/www.ptf-group.com\/hitega\/qualitaet\/#breadcrumb","itemListElement":[{"@type":"ListItem","position":1,"name":"Startseite","item":"https:\/\/www.ptf-group.com\/hitega\/"},{"@type":"ListItem","position":2,"name":"Qualit\u00e4t"}]},{"@type":"WebSite","@id":"https:\/\/www.ptf-group.com\/hitega\/#website","url":"https:\/\/www.ptf-group.com\/hitega\/","name":"PTF Hitega","description":"Eine weitere PTF GROUP Websites Website","potentialAction":[{"@type":"SearchAction","target":{"@type":"EntryPoint","urlTemplate":"https:\/\/www.ptf-group.com\/hitega\/?s={search_term_string}"},"query-input":{"@type":"PropertyValueSpecification","valueRequired":true,"valueName":"search_term_string"}}],"inLanguage":"de"}]}},"lang":"de","translations":{"de":207,"en":1648},"pll_sync_post":[],"_links":{"self":[{"href":"https:\/\/www.ptf-group.com\/hitega\/wp-json\/wp\/v2\/pages\/207","targetHints":{"allow":["GET"]}}],"collection":[{"href":"https:\/\/www.ptf-group.com\/hitega\/wp-json\/wp\/v2\/pages"}],"about":[{"href":"https:\/\/www.ptf-group.com\/hitega\/wp-json\/wp\/v2\/types\/page"}],"author":[{"embeddable":true,"href":"https:\/\/www.ptf-group.com\/hitega\/wp-json\/wp\/v2\/users\/1"}],"replies":[{"embeddable":true,"href":"https:\/\/www.ptf-group.com\/hitega\/wp-json\/wp\/v2\/comments?post=207"}],"version-history":[{"count":41,"href":"https:\/\/www.ptf-group.com\/hitega\/wp-json\/wp\/v2\/pages\/207\/revisions"}],"predecessor-version":[{"id":2180,"href":"https:\/\/www.ptf-group.com\/hitega\/wp-json\/wp\/v2\/pages\/207\/revisions\/2180"}],"wp:attachment":[{"href":"https:\/\/www.ptf-group.com\/hitega\/wp-json\/wp\/v2\/media?parent=207"}],"curies":[{"name":"wp","href":"https:\/\/api.w.org\/{rel}","templated":true}]}}